{"id":533,"date":"2009-11-23T17:57:00","date_gmt":"2009-11-23T16:57:00","guid":{"rendered":"http:\/\/www.ftmassana.com\/blog\/index.php\/patrocinanos\/"},"modified":"2009-11-24T10:03:54","modified_gmt":"2009-11-24T09:03:54","slug":"patrocinanos","status":"publish","type":"page","link":"http:\/\/www.ftmassana.com\/blog\/index.php\/patrocinanos\/","title":{"rendered":"Patroc\u00ednanos"},"content":{"rendered":"<p>Hoy en d\u00eda ser art\u00edsta o fil\u00f3sofo es dificil, condenados como estamos la mayor\u00eda a prostituir nuestro tiempo para subsitir. Si eres una persona que quiere apoyar las nuevas ideas, ay\u00fadanos a hacer realidad nuestros proyectos y a la existencia de este blog.<\/p>\n<p>Si quieres, puedes consultar los proyectos en desarrollo en la secci\u00f3n <a target=\"_blank\" href=\"http:\/\/www.ftmassana.com\/blog\/index.php\/category\/proyectos\/\">proyectos<\/a>. Cualquier aportaci\u00f3n, por peque\u00f1a que sea, ser\u00e1 bien venida y eternamente agradecida.<\/p>\n<p align=\"center\">Se nuestro mecenas. <strong>Haz una donaci\u00f3n, y si\u00e9ntete altruista.<\/strong><\/p>\n<div align=\"center\">\n<form method=\"post\" action=\"https:\/\/www.paypal.com\/cgi-bin\/webscr\" target=\"_blank\"> <input type=\"hidden\" value=\"_s-xclick\" name=\"cmd\" \/> <input type=\"hidden\" value=\"9936853\" name=\"hosted_button_id\" \/> <input type=\"image\" alt=\"PayPal. La forma r\u00e1pida y segura de pagar en Internet.\" name=\"submit\"  height=\"47\" border=\"0\" width=\"128\" src=\"http:\/\/www.ftmassana.com\/img\/btn_donateCC_LG.gif\" \/><br \/>\n<\/form>\n<\/div>\n","protected":false},"excerpt":{"rendered":"<p>Hoy en d\u00eda ser art\u00edsta o fil\u00f3sofo es dificil, condenados como estamos la mayor\u00eda a prostituir nuestro tiempo para subsitir. Si eres una persona que quiere apoyar las nuevas ideas, ay\u00fadanos a hacer realidad nuestros proyectos y a la existencia &hellip; <a href=\"http:\/\/www.ftmassana.com\/blog\/index.php\/patrocinanos\/\">Continue reading <span class=\"meta-nav\">&rarr;<\/span><\/a><\/p>\n","protected":false},"author":1,"featured_media":0,"parent":0,"menu_order":0,"comment_status":"open","ping_status":"open","template":"","meta":{"ngg_post_thumbnail":0,"footnotes":""},"_links":{"self":[{"href":"http:\/\/www.ftmassana.com\/blog\/index.php\/wp-json\/wp\/v2\/pages\/533"}],"collection":[{"href":"http:\/\/www.ftmassana.com\/blog\/index.php\/wp-json\/wp\/v2\/pages"}],"about":[{"href":"http:\/\/www.ftmassana.com\/blog\/index.php\/wp-json\/wp\/v2\/types\/page"}],"author":[{"embeddable":true,"href":"http:\/\/www.ftmassana.com\/blog\/index.php\/wp-json\/wp\/v2\/users\/1"}],"replies":[{"embeddable":true,"href":"http:\/\/www.ftmassana.com\/blog\/index.php\/wp-json\/wp\/v2\/comments?post=533"}],"version-history":[{"count":0,"href":"http:\/\/www.ftmassana.com\/blog\/index.php\/wp-json\/wp\/v2\/pages\/533\/revisions"}],"wp:attachment":[{"href":"http:\/\/www.ftmassana.com\/blog\/index.php\/wp-json\/wp\/v2\/media?parent=533"}],"curies":[{"name":"wp","href":"https:\/\/api.w.org\/{rel}","templated":true}]}}